{"id":36,"date":"2021-06-16T15:53:35","date_gmt":"2021-06-16T15:53:35","guid":{"rendered":"https:\/\/demo.artureanec.com\/themes\/transx-new\/?page_id=36"},"modified":"2024-12-28T14:17:47","modified_gmt":"2024-12-28T11:17:47","slug":"blog","status":"publish","type":"page","link":"https:\/\/www.karengm.com\/?page_id=36","title":{"rendered":"Makaleler"},"content":{"rendered":"\t\t<div data-elementor-type=\"wp-page\" data-elementor-id=\"36\" class=\"elementor elementor-36\">\n\t\t\t\t\t\t<section class=\"elementor-section elementor-top-section elementor-element elementor-element-3561e36f elementor-section-boxed elementor-section-height-default elementor-section-height-default\" data-id=\"3561e36f\" data-element_type=\"section\" data-e-type=\"section\">\n\t\t\t\t\t\t<div class=\"elementor-container elementor-column-gap-default\">\n\t\t\t\t\t<div class=\"elementor-column elementor-col-100 elementor-top-column elementor-element elementor-element-54b91072\" data-id=\"54b91072\" data-element_type=\"column\" data-e-type=\"column\">\n\t\t\t<div class=\"elementor-widget-wrap elementor-element-populated\">\n\t\t\t\t\t\t<div class=\"elementor-element elementor-element-43bce01d elementor-widget elementor-widget-transx_blog_listing\" data-id=\"43bce01d\" data-element_type=\"widget\" data-e-type=\"widget\" data-widget_type=\"transx_blog_listing.default\">\n\t\t\t\t<div class=\"elementor-widget-container\">\n\t\t\t\t\t\n        <div class=\"transx_blog_listing_widget\">\n            <div class=\"transx_blog_listing_wrapper transx_view_type_1\">\n                                        <div class=\"transx_blog_listing_item\">\n                                                            <div class=\"transx_blog_listing_image_container\">\n                                    \n                                    <img decoding=\"async\" class=\"transx_img--bg\" src=\"https:\/\/www.karengm.com\/wp-content\/uploads\/2023\/09\/turk-ticaret-bakanligi-1200x598.webp\" alt=\"Featured Image\" \/>\n                                    <div class=\"transx_post_cat_cont\">\n                                        <div class=\"transx_post_cat_wrapper\"><a href=\"https:\/\/www.karengm.com\/?cat=64\" class=\"link link_text\">Mevzuat Duyurusu<\/a><\/div>\n                                    <\/div>\n                                <\/div>\n                                \n                            <div class=\"transx_blog_listing_content_wrapper\">\n                                <div class=\"transx_blog_listing_meta\">\n                                    <span class=\"transx_blog_listing_date\">12 Mart 2026<\/span>\n                                    <span class=\"transx_separator\">\/<\/span>\n                                    <span class=\"transx_blog_listing_author\">by ibrahim<\/span>\n                                <\/div>\n\n                                                                    <h3 class=\"transx_blog_listing_title\">\n                                        <a href=\"https:\/\/www.karengm.com\/?p=3880\">Makina \u0130thalat &#8211; \u00d6n \u0130zin Ba\u015fvurusu<\/a>\n                                    <\/h3>\n                                                                        <p class=\"transx_blog_listing_excerpt\">Makine \u0130thalat\u0131 Denetimi Ek2\/A listesi \u00fcr\u00fcnlerin i\u015flemleri hakk\u0131nda&#8230; Makinalar\u0131n \u0130thalat Denetimi ( \u00dcr\u00fcn G\u00fcvenli\u011fi ve Denetimi Tebli\u011fi 2026\/32) kapsam\u0131nda EK2\/A listesinde yer alan \u00fcr\u00fcnler i\u00e7in \u00dcr\u00fcn yurtd\u0131\u015f\u0131ndan y\u00fcklenip \u00e7\u0131k\u0131p yapmadan \u00f6nce \u00fcreticisi...<\/p>\n                                    \n                                <a class=\"transx_button transx_button--primary\" href=\"https:\/\/www.karengm.com\/?p=3880\">Explore More<\/a>\n                            <\/div>\n                        <\/div>\n                                                <div class=\"transx_blog_listing_item\">\n                                                            <div class=\"transx_blog_listing_image_container\">\n                                    \n                                    <img decoding=\"async\" class=\"transx_img--bg\" src=\"https:\/\/www.karengm.com\/wp-content\/uploads\/2021\/06\/mission-1200x598.jpg\" alt=\"Featured Image\" \/>\n                                    <div class=\"transx_post_cat_cont\">\n                                        <div class=\"transx_post_cat_wrapper\"><a href=\"https:\/\/www.karengm.com\/?cat=42\" class=\"link link_text\">Faydal\u0131 Bilgiler<\/a><\/div>\n                                    <\/div>\n                                <\/div>\n                                \n                            <div class=\"transx_blog_listing_content_wrapper\">\n                                <div class=\"transx_blog_listing_meta\">\n                                    <span class=\"transx_blog_listing_date\">15 Ekim 2025<\/span>\n                                    <span class=\"transx_separator\">\/<\/span>\n                                    <span class=\"transx_blog_listing_author\">by ibrahim<\/span>\n                                <\/div>\n\n                                                                    <h3 class=\"transx_blog_listing_title\">\n                                        <a href=\"https:\/\/www.karengm.com\/?p=3855\">Amazon FBA Kargo G\u00f6nderimi Nedir?<\/a>\n                                    <\/h3>\n                                                                        <p class=\"transx_blog_listing_excerpt\">Amazon FBA Kargo G\u00f6nderimi Nedir? Amazon FBA (Fulfillment by Amazon), sat\u0131c\u0131lar\u0131n \u00fcr\u00fcnlerini Amazon\u2019un lojistik merkezlerine g\u00f6ndererek depolama, paketleme ve kargo s\u00fcre\u00e7lerini Amazon\u2019a devretmesini sa\u011flayan bir sistemdir. Bu sistem, sat\u0131c\u0131lar\u0131n \u00fcr\u00fcnlerini...<\/p>\n                                    \n                                <a class=\"transx_button transx_button--primary\" href=\"https:\/\/www.karengm.com\/?p=3855\">Explore More<\/a>\n                            <\/div>\n                        <\/div>\n                                                <div class=\"transx_blog_listing_item\">\n                                                            <div class=\"transx_blog_listing_image_container\">\n                                    \n                                    <img decoding=\"async\" class=\"transx_img--bg\" src=\"https:\/\/www.karengm.com\/wp-content\/uploads\/2021\/07\/shop_new_1-1200x598.jpg\" alt=\"Featured Image\" \/>\n                                    <div class=\"transx_post_cat_cont\">\n                                        <div class=\"transx_post_cat_wrapper\"><a href=\"https:\/\/www.karengm.com\/?cat=42\" class=\"link link_text\">Faydal\u0131 Bilgiler<\/a><\/div>\n                                    <\/div>\n                                <\/div>\n                                \n                            <div class=\"transx_blog_listing_content_wrapper\">\n                                <div class=\"transx_blog_listing_meta\">\n                                    <span class=\"transx_blog_listing_date\">15 Ekim 2025<\/span>\n                                    <span class=\"transx_separator\">\/<\/span>\n                                    <span class=\"transx_blog_listing_author\">by ibrahim<\/span>\n                                <\/div>\n\n                                                                    <h3 class=\"transx_blog_listing_title\">\n                                        <a href=\"https:\/\/www.karengm.com\/?p=3853\">Desi hesaplamas\u0131 nedir? Nas\u0131l Desi Hesaplan\u0131r ?<\/a>\n                                    <\/h3>\n                                                                        <p class=\"transx_blog_listing_excerpt\">Desi Hesaplama Nedir? Desi, lojistik s\u00fcre\u00e7lerin en \u00f6nemli k\u00f6\u015fe ta\u015flar\u0131ndan biridir. \u00c7\u00fcnk\u00fc kargolar\u0131n\u0131z\u0131 al\u0131c\u0131lar\u0131n\u0131za g\u00f6nderirken \u00f6deyece\u011finiz tutar desi ve a\u011f\u0131rl\u0131k \u00fczerinden hesaplanmaktad\u0131r. Kargo \u00fccretinizi hesaplad\u0131\u011f\u0131n\u0131zda farkl\u0131 bir fiyatla...<\/p>\n                                    \n                                <a class=\"transx_button transx_button--primary\" href=\"https:\/\/www.karengm.com\/?p=3853\">Explore More<\/a>\n                            <\/div>\n                        <\/div>\n                                                <div class=\"transx_blog_listing_item\">\n                                                            <div class=\"transx_blog_listing_image_container\">\n                                    \n                                    <img decoding=\"async\" class=\"transx_img--bg\" src=\"https:\/\/www.karengm.com\/wp-content\/uploads\/2021\/06\/loc_2-1200x598.jpg\" alt=\"Featured Image\" \/>\n                                    <div class=\"transx_post_cat_cont\">\n                                        <div class=\"transx_post_cat_wrapper\"><a href=\"https:\/\/www.karengm.com\/?cat=42\" class=\"link link_text\">Faydal\u0131 Bilgiler<\/a><\/div>\n                                    <\/div>\n                                <\/div>\n                                \n                            <div class=\"transx_blog_listing_content_wrapper\">\n                                <div class=\"transx_blog_listing_meta\">\n                                    <span class=\"transx_blog_listing_date\">15 Ekim 2025<\/span>\n                                    <span class=\"transx_separator\">\/<\/span>\n                                    <span class=\"transx_blog_listing_author\">by ibrahim<\/span>\n                                <\/div>\n\n                                                                    <h3 class=\"transx_blog_listing_title\">\n                                        <a href=\"https:\/\/www.karengm.com\/?p=3850\">Uluslararas\u0131 Kargo G\u00f6nderimi Yaparken En \u00c7ok Yap\u0131lan Hatalar<\/a>\n                                    <\/h3>\n                                                                        <p class=\"transx_blog_listing_excerpt\">Uluslararas\u0131 Kargo G\u00f6nderimi Yaparken En \u00c7ok Yap\u0131lan Hatalar Uluslararas\u0131 nakliye, \u00f6zellikle yeni ba\u015flayan sat\u0131c\u0131lar i\u00e7in karma\u015f\u0131k ve dikkat gerektiren bir s\u00fcre\u00e7tir. Do\u011fru planlama yap\u0131lmazsa y\u00fcksek maliyetler, teslimat gecikmeleri ve g\u00fcmr\u00fck sorunlar\u0131...<\/p>\n                                    \n                                <a class=\"transx_button transx_button--primary\" href=\"https:\/\/www.karengm.com\/?p=3850\">Explore More<\/a>\n                            <\/div>\n                        <\/div>\n                                                <div class=\"transx_blog_listing_item\">\n                                                            <div class=\"transx_blog_listing_image_container\">\n                                    \n                                    <img decoding=\"async\" class=\"transx_img--bg\" src=\"https:\/\/www.karengm.com\/wp-content\/uploads\/2023\/09\/mevzuat-1200x598.webp\" alt=\"Featured Image\" \/>\n                                    <div class=\"transx_post_cat_cont\">\n                                        <div class=\"transx_post_cat_wrapper\"><a href=\"https:\/\/www.karengm.com\/?cat=64\" class=\"link link_text\">Mevzuat Duyurusu<\/a><\/div>\n                                    <\/div>\n                                <\/div>\n                                \n                            <div class=\"transx_blog_listing_content_wrapper\">\n                                <div class=\"transx_blog_listing_meta\">\n                                    <span class=\"transx_blog_listing_date\">14 Ekim 2025<\/span>\n                                    <span class=\"transx_separator\">\/<\/span>\n                                    <span class=\"transx_blog_listing_author\">by ibrahim<\/span>\n                                <\/div>\n\n                                                                    <h3 class=\"transx_blog_listing_title\">\n                                        <a href=\"https:\/\/www.karengm.com\/?p=3846\">\u0130la\u00e7lar\u0131n \u0130hracat\u0131 Hk T\u0130TCK Bilgilendirmesi Hakk\u0131nda<\/a>\n                                    <\/h3>\n                                                                        <p class=\"transx_blog_listing_excerpt\">\u0130la\u00e7lar\u0131n \u0130hracat\u0131 Hk T\u0130TCK Bilgilendirmesi Hakk\u0131nda yaz\u0131 a\u015fa\u011f\u0131ndaki linte sunulmu\u015ftur. https:\/\/files.igmd.org.tr\/doc\/7102025-092818_ggm-ilaclarin-ihracati-hk-titck-bilgilendirmesipdf.pdf<\/p>\n                                    \n                                <a class=\"transx_button transx_button--primary\" href=\"https:\/\/www.karengm.com\/?p=3846\">Explore More<\/a>\n                            <\/div>\n                        <\/div>\n                                    <\/div>\n\n                            <div class=\"transx_pagination\">\n                    \n\t<nav class=\"navigation pagination\" aria-label=\"Yaz\u0131lar\">\n\t\t<h2 class=\"screen-reader-text\">Yaz\u0131 gezinmesi<\/h2>\n\t\t<div class=\"nav-links\"><span aria-current=\"page\" class=\"page-numbers current\">1<\/span>\n<a class=\"page-numbers\" href=\"https:\/\/www.karengm.com\/index.php\/?paged=2&#038;rest_route=%2Fwp%2Fv2%2Fpages%2F36\">2<\/a>\n<span class=\"page-numbers dots\">&hellip;<\/span>\n<a class=\"page-numbers\" href=\"https:\/\/www.karengm.com\/index.php\/?paged=10&#038;rest_route=%2Fwp%2Fv2%2Fpages%2F36\">10<\/a>\n<a class=\"next page-numbers\" href=\"https:\/\/www.karengm.com\/index.php\/?paged=2&#038;rest_route=%2Fwp%2Fv2%2Fpages%2F36\">Next<\/a><\/div>\n\t<\/nav>                <\/div>\n                        <\/div>\n        \t\t\t\t<\/div>\n\t\t\t\t<\/div>\n\t\t\t\t\t<\/div>\n\t\t<\/div>\n\t\t\t\t\t<\/div>\n\t\t<\/section>\n\t\t\t\t<\/div>\n\t\t","protected":false},"excerpt":{"rendered":"","protected":false},"author":1,"featured_media":18,"parent":0,"menu_order":0,"comment_status":"closed","ping_status":"closed","template":"","meta":{"footnotes":""},"class_list":["post-36","page","type-page","status-publish","has-post-thumbnail","hentry"],"_links":{"self":[{"href":"https:\/\/www.karengm.com\/index.php?rest_route=\/wp\/v2\/pages\/36"}],"collection":[{"href":"https:\/\/www.karengm.com\/index.php?rest_route=\/wp\/v2\/pages"}],"about":[{"href":"https:\/\/www.karengm.com\/index.php?rest_route=\/wp\/v2\/types\/page"}],"author":[{"embeddable":true,"href":"https:\/\/www.karengm.com\/index.php?rest_route=\/wp\/v2\/users\/1"}],"replies":[{"embeddable":true,"href":"https:\/\/www.karengm.com\/index.php?rest_route=%2Fwp%2Fv2%2Fcomments&post=36"}],"version-history":[{"count":25,"href":"https:\/\/www.karengm.com\/index.php?rest_route=\/wp\/v2\/pages\/36\/revisions"}],"predecessor-version":[{"id":3462,"href":"https:\/\/www.karengm.com\/index.php?rest_route=\/wp\/v2\/pages\/36\/revisions\/3462"}],"wp:featuredmedia":[{"embeddable":true,"href":"https:\/\/www.karengm.com\/index.php?rest_route=\/wp\/v2\/media\/18"}],"wp:attachment":[{"href":"https:\/\/www.karengm.com\/index.php?rest_route=%2Fwp%2Fv2%2Fmedia&parent=36"}],"curies":[{"name":"wp","href":"https:\/\/api.w.org\/{rel}","templated":true}]}}